{"id":7331,"date":"2024-09-17T11:26:57","date_gmt":"2024-09-17T11:26:57","guid":{"rendered":"https:\/\/konaci.auksys.eu\/?page_id=7331"},"modified":"2024-10-11T09:25:26","modified_gmt":"2024-10-11T09:25:26","slug":"thank-you","status":"publish","type":"page","link":"https:\/\/plavani.auksys.eu\/?page_id=7331","title":{"rendered":"Thank you"},"content":{"rendered":"\t\t<div data-elementor-type=\"wp-page\" data-elementor-id=\"7331\" class=\"elementor elementor-7331\" data-elementor-post-type=\"page\">\n\t\t\t\t<div class=\"elementor-element elementor-element-9809a47 e-flex e-con-boxed e-con e-parent\" data-id=\"9809a47\" data-element_type=\"container\">\n\t\t\t\t\t<div class=\"e-con-inner\">\n\t\t\t\t<div class=\"elementor-element elementor-element-f58af68 elementor-widget elementor-widget-heading\" data-id=\"f58af68\" data-element_type=\"widget\" data-widget_type=\"heading.default\">\n\t\t\t\t<div class=\"elementor-widget-container\">\n\t\t\t<h2 class=\"elementor-heading-title elementor-size-default\">D\u011bkujeme za vypln\u011bn\u00ed kontaktn\u00edho formul\u00e1\u0159e.\n<\/h2>\t\t<\/div>\n\t\t\t\t<\/div>\n\t\t\t\t<div class=\"elementor-element elementor-element-123d800 elementor-widget elementor-widget-text-editor\" data-id=\"123d800\" data-element_type=\"widget\" data-widget_type=\"text-editor.default\">\n\t\t\t\t<div class=\"elementor-widget-container\">\n\t\t\t\t\t\t\t<p>Jeden z \u010dlen\u016f t\u00fdmu Auksys se V\u00e1m co nejd\u0159\u00edve ozve ohledn\u011b dal\u0161\u00edho postupu.\u00a0<\/p>\t\t\t\t\t\t<\/div>\n\t\t\t\t<\/div>\n\t\t\t\t\t<\/div>\n\t\t\t\t<\/div>\n\t\t\t\t<\/div>\n\t\t","protected":false},"excerpt":{"rendered":"<p>D\u011bkujeme za vypln\u011bn\u00ed kontaktn\u00edho formul\u00e1\u0159e. Jeden z \u010dlen\u016f t\u00fdmu Auksys se V\u00e1m co nejd\u0159\u00edve ozve ohledn\u011b dal\u0161\u00edho postupu.\u00a0<\/p>\n","protected":false},"author":2,"featured_media":0,"parent":0,"menu_order":0,"comment_status":"closed","ping_status":"closed","template":"","meta":{"footnotes":""},"class_list":["post-7331","page","type-page","status-publish","hentry"],"_links":{"self":[{"href":"https:\/\/plavani.auksys.eu\/index.php?rest_route=\/wp\/v2\/pages\/7331","targetHints":{"allow":["GET"]}}],"collection":[{"href":"https:\/\/plavani.auksys.eu\/index.php?rest_route=\/wp\/v2\/pages"}],"about":[{"href":"https:\/\/plavani.auksys.eu\/index.php?rest_route=\/wp\/v2\/types\/page"}],"author":[{"embeddable":true,"href":"https:\/\/plavani.auksys.eu\/index.php?rest_route=\/wp\/v2\/users\/2"}],"replies":[{"embeddable":true,"href":"https:\/\/plavani.auksys.eu\/index.php?rest_route=%2Fwp%2Fv2%2Fcomments&post=7331"}],"version-history":[{"count":10,"href":"https:\/\/plavani.auksys.eu\/index.php?rest_route=\/wp\/v2\/pages\/7331\/revisions"}],"predecessor-version":[{"id":7353,"href":"https:\/\/plavani.auksys.eu\/index.php?rest_route=\/wp\/v2\/pages\/7331\/revisions\/7353"}],"wp:attachment":[{"href":"https:\/\/plavani.auksys.eu\/index.php?rest_route=%2Fwp%2Fv2%2Fmedia&parent=7331"}],"curies":[{"name":"wp","href":"https:\/\/api.w.org\/{rel}","templated":true}]}}