{"id":6119,"date":"2024-06-27T13:59:56","date_gmt":"2024-06-27T13:59:56","guid":{"rendered":"https:\/\/develop.produktovy.auksys.eu\/?page_id=6119"},"modified":"2024-11-12T08:25:40","modified_gmt":"2024-11-12T08:25:40","slug":"portfolio-web","status":"publish","type":"page","link":"https:\/\/plavani.auksys.eu\/?page_id=6119","title":{"rendered":"Portfolio web"},"content":{"rendered":"\t\t<div data-elementor-type=\"wp-page\" data-elementor-id=\"6119\" class=\"elementor elementor-6119\" data-elementor-post-type=\"page\">\n\t\t\t\t\t\t<section class=\"elementor-section elementor-top-section elementor-element elementor-element-dd247bf ot-traditional elementor-section-boxed elementor-section-height-default elementor-section-height-default\" data-id=\"dd247bf\" data-element_type=\"section\">\n\t\t\t\t\t\t<div class=\"elementor-container elementor-column-gap-default\">\n\t\t\t\t\t<div class=\"elementor-column elementor-col-100 elementor-top-column elementor-element elementor-element-1f4e0cb ot-flex-column-vertical\" data-id=\"1f4e0cb\" data-element_type=\"column\">\n\t\t\t<div class=\"elementor-widget-wrap elementor-element-populated\">\n\t\t\t\t\t\t<div class=\"elementor-element elementor-element-cd09ac1 elementor-widget elementor-widget-iheading\" data-id=\"cd09ac1\" data-element_type=\"widget\" data-widget_type=\"iheading.default\">\n\t\t\t\t<div class=\"elementor-widget-container\">\n\t\t\t\t\t<div class=\"ot-heading\">\r\n\t        \t            <span>\/\/ Web \/\/<\/span>\r\n\t        <h2 class=\"main-heading\">Webov\u00e9 str\u00e1nky<\/h2>\t    <\/div>\r\n\t    \t\t<\/div>\n\t\t\t\t<\/div>\n\t\t\t\t<div class=\"elementor-element elementor-element-27b73fe elementor-widget elementor-widget-text-editor\" data-id=\"27b73fe\" data-element_type=\"widget\" data-widget_type=\"text-editor.default\">\n\t\t\t\t<div class=\"elementor-widget-container\">\n\t\t\t\t\t\t\t<p>Jsme IT spole\u010dnost s \u0161irok\u00fdm z\u00e1b\u011brem, kter\u00e1 se nesoust\u0159ed\u00ed pouze na syst\u00e9m pro tenisov\u00e1 centra. Naslouch\u00e1me na\u0161im klient\u016fm a d\u00edky jejich po\u017eadavk\u016fm se neust\u00e1le posouv\u00e1me vp\u0159ed. Nab\u00edz\u00edme tak\u00e9 tvorbu webov\u00fdch str\u00e1nek na m\u00edru, p\u0159\u00edmo propojen\u00fdch se syst\u00e9mem Auksys. M\u00e1te mo\u017enost si str\u00e1nky vytvo\u0159it sami s na\u0161\u00ed odbornou podporou, nebo m\u00edt v\u0161e ve vlastn\u00ed re\u017eii. Z\u00e1le\u017e\u00ed jen na v\u00e1s.<\/p><p>Chcete svou zna\u010dku posunout o krok d\u00e1l? Spojte se s n\u00e1mi! R\u00e1di v\u00e1m porad\u00edme a navrhneme postup \u0161it\u00fd na m\u00edru va\u0161im pot\u0159eb\u00e1m. A\u0165 u\u017e se jedn\u00e1 o kampan\u011b, prezentace na soci\u00e1ln\u00edch s\u00edt\u00edch nebo kompletn\u00ed branding.<\/p>\t\t\t\t\t\t<\/div>\n\t\t\t\t<\/div>\n\t\t\t\t<div class=\"elementor-element elementor-element-52770ed elementor-invisible elementor-widget elementor-widget-ipfilter\" data-id=\"52770ed\" data-element_type=\"widget\" data-settings=\"{&quot;_animation&quot;:&quot;fadeInDown&quot;}\" data-widget_type=\"ipfilter.default\">\n\t\t\t\t<div class=\"elementor-widget-container\">\n\t\t\t\r\n\t\t<div class=\"project-filter-wrapper\">\r\n\t        \r\n\t        <div class=\"projects-grid projects-style-1 pf_4_cols\">\r\n\t        \t\r\n\t            \r\n\t            \t<div class=\"project-item category-16 \">\r\n\t\t\t\t\t\t<div class=\"projects-box\">\r\n\t\t\t\t\t\t\t<div class=\"projects-thumbnail\">\r\n\t\t\t\t\t\t\t\t<a href=\"https:\/\/plavani.auksys.eu\/?ot_portfolio=sablona-auksys\">\r\n\t\t\t\t\t\t\t\t\t<img fetchpriority=\"high\" decoding=\"async\" width=\"720\" height=\"720\" src=\"https:\/\/plavani.auksys.eu\/wp-content\/uploads\/2019\/11\/kobu-agency-7okkFhxrxNw-unsplash-1-720x720.jpg\" class=\"attachment-engitech-portfolio-thumbnail-grid size-engitech-portfolio-thumbnail-grid wp-post-image\" alt=\"\" srcset=\"https:\/\/plavani.auksys.eu\/wp-content\/uploads\/2019\/11\/kobu-agency-7okkFhxrxNw-unsplash-1-720x720.jpg 720w, https:\/\/plavani.auksys.eu\/wp-content\/uploads\/2019\/11\/kobu-agency-7okkFhxrxNw-unsplash-1-150x150.jpg 150w\" sizes=\"(max-width: 720px) 100vw, 720px\" \/>\t\t\t\t\t\t\t\t<\/a>\r\n\t\t\t\t\t\t\t<\/div>\r\n\t\t\t\t\t\t\t<div class=\"portfolio-info \">\r\n\t\t\t\t\t\t\t\t<a class=\"overlay\" href=\"https:\/\/plavani.auksys.eu\/?ot_portfolio=sablona-auksys\"><\/a>\t\t\t\t\t\t\t\t<div class=\"portfolio-info-inner\">\r\n\t\t\t\t\t\t\t\t\t<h5><a href=\"https:\/\/plavani.auksys.eu\/?ot_portfolio=sablona-auksys\">\u0160ablona Auksys<\/a><\/h5>\r\n\t\t\t\t\t\t\t\t\t \r\n\t\t\t\t\t\t\t\t<\/div>\r\n\t\t\t\t\t\t\t<\/div>\r\n\t\t\t\t\t\t<\/div>\r\n\t\t\t\t\t<\/div>\r\n\r\n\t            \r\n\t            \t<div class=\"project-item category-16 \">\r\n\t\t\t\t\t\t<div class=\"projects-box\">\r\n\t\t\t\t\t\t\t<div class=\"projects-thumbnail\">\r\n\t\t\t\t\t\t\t\t<a href=\"https:\/\/plavani.auksys.eu\/?ot_portfolio=napojeni-na-system\">\r\n\t\t\t\t\t\t\t\t\t<img decoding=\"async\" width=\"720\" height=\"720\" src=\"https:\/\/plavani.auksys.eu\/wp-content\/uploads\/2019\/11\/domenico-loia-hGV2TfOh0ns-unsplash-720x720.jpg\" class=\"attachment-engitech-portfolio-thumbnail-grid size-engitech-portfolio-thumbnail-grid wp-post-image\" alt=\"\" srcset=\"https:\/\/plavani.auksys.eu\/wp-content\/uploads\/2019\/11\/domenico-loia-hGV2TfOh0ns-unsplash-720x720.jpg 720w, https:\/\/plavani.auksys.eu\/wp-content\/uploads\/2019\/11\/domenico-loia-hGV2TfOh0ns-unsplash-150x150.jpg 150w\" sizes=\"(max-width: 720px) 100vw, 720px\" \/>\t\t\t\t\t\t\t\t<\/a>\r\n\t\t\t\t\t\t\t<\/div>\r\n\t\t\t\t\t\t\t<div class=\"portfolio-info \">\r\n\t\t\t\t\t\t\t\t<a class=\"overlay\" href=\"https:\/\/plavani.auksys.eu\/?ot_portfolio=napojeni-na-system\"><\/a>\t\t\t\t\t\t\t\t<div class=\"portfolio-info-inner\">\r\n\t\t\t\t\t\t\t\t\t<h5><a href=\"https:\/\/plavani.auksys.eu\/?ot_portfolio=napojeni-na-system\">Napojen\u00ed na syst\u00e9m<\/a><\/h5>\r\n\t\t\t\t\t\t\t\t\t \r\n\t\t\t\t\t\t\t\t<\/div>\r\n\t\t\t\t\t\t\t<\/div>\r\n\t\t\t\t\t\t<\/div>\r\n\t\t\t\t\t<\/div>\r\n\r\n\t            \r\n\t            \t<div class=\"project-item category-16 \">\r\n\t\t\t\t\t\t<div class=\"projects-box\">\r\n\t\t\t\t\t\t\t<div class=\"projects-thumbnail\">\r\n\t\t\t\t\t\t\t\t<a href=\"https:\/\/plavani.auksys.eu\/?ot_portfolio=plny-web\">\r\n\t\t\t\t\t\t\t\t\t<img decoding=\"async\" width=\"720\" height=\"720\" src=\"https:\/\/plavani.auksys.eu\/wp-content\/uploads\/2019\/11\/igor-miske-Px3iBXV-4TU-unsplash-720x720.jpg\" class=\"attachment-engitech-portfolio-thumbnail-grid size-engitech-portfolio-thumbnail-grid wp-post-image\" alt=\"\" srcset=\"https:\/\/plavani.auksys.eu\/wp-content\/uploads\/2019\/11\/igor-miske-Px3iBXV-4TU-unsplash-720x720.jpg 720w, https:\/\/plavani.auksys.eu\/wp-content\/uploads\/2019\/11\/igor-miske-Px3iBXV-4TU-unsplash-150x150.jpg 150w\" sizes=\"(max-width: 720px) 100vw, 720px\" \/>\t\t\t\t\t\t\t\t<\/a>\r\n\t\t\t\t\t\t\t<\/div>\r\n\t\t\t\t\t\t\t<div class=\"portfolio-info \">\r\n\t\t\t\t\t\t\t\t<a class=\"overlay\" href=\"https:\/\/plavani.auksys.eu\/?ot_portfolio=plny-web\"><\/a>\t\t\t\t\t\t\t\t<div class=\"portfolio-info-inner\">\r\n\t\t\t\t\t\t\t\t\t<h5><a href=\"https:\/\/plavani.auksys.eu\/?ot_portfolio=plny-web\">Pln\u00fd web<\/a><\/h5>\r\n\t\t\t\t\t\t\t\t\t \r\n\t\t\t\t\t\t\t\t<\/div>\r\n\t\t\t\t\t\t\t<\/div>\r\n\t\t\t\t\t\t<\/div>\r\n\t\t\t\t\t<\/div>\r\n\r\n\t            \t        <\/div>\r\n\t    <\/div>\r\n\r\n\t    \t\t<\/div>\n\t\t\t\t<\/div>\n\t\t\t\t\t<\/div>\n\t\t<\/div>\n\t\t\t\t\t<\/div>\n\t\t<\/section>\n\t\t\t\t<\/div>\n\t\t","protected":false},"excerpt":{"rendered":"<p>\/\/ Web \/\/ Webov\u00e9 str\u00e1nky Jsme IT spole\u010dnost s \u0161irok\u00fdm z\u00e1b\u011brem, kter\u00e1 se nesoust\u0159ed\u00ed pouze na syst\u00e9m pro tenisov\u00e1 centra. Naslouch\u00e1me na\u0161im klient\u016fm a d\u00edky jejich po\u017eadavk\u016fm se neust\u00e1le posouv\u00e1me vp\u0159ed. Nab\u00edz\u00edme tak\u00e9 tvorbu webov\u00fdch str\u00e1nek na m\u00edru, p\u0159\u00edmo propojen\u00fdch se syst\u00e9mem Auksys. M\u00e1te mo\u017enost si str\u00e1nky vytvo\u0159it sami s na\u0161\u00ed odbornou podporou, nebo m\u00edt [&hellip;]<\/p>\n","protected":false},"author":2,"featured_media":0,"parent":0,"menu_order":0,"comment_status":"closed","ping_status":"closed","template":"","meta":{"footnotes":""},"class_list":["post-6119","page","type-page","status-publish","hentry"],"_links":{"self":[{"href":"https:\/\/plavani.auksys.eu\/index.php?rest_route=\/wp\/v2\/pages\/6119","targetHints":{"allow":["GET"]}}],"collection":[{"href":"https:\/\/plavani.auksys.eu\/index.php?rest_route=\/wp\/v2\/pages"}],"about":[{"href":"https:\/\/plavani.auksys.eu\/index.php?rest_route=\/wp\/v2\/types\/page"}],"author":[{"embeddable":true,"href":"https:\/\/plavani.auksys.eu\/index.php?rest_route=\/wp\/v2\/users\/2"}],"replies":[{"embeddable":true,"href":"https:\/\/plavani.auksys.eu\/index.php?rest_route=%2Fwp%2Fv2%2Fcomments&post=6119"}],"version-history":[{"count":10,"href":"https:\/\/plavani.auksys.eu\/index.php?rest_route=\/wp\/v2\/pages\/6119\/revisions"}],"predecessor-version":[{"id":7400,"href":"https:\/\/plavani.auksys.eu\/index.php?rest_route=\/wp\/v2\/pages\/6119\/revisions\/7400"}],"wp:attachment":[{"href":"https:\/\/plavani.auksys.eu\/index.php?rest_route=%2Fwp%2Fv2%2Fmedia&parent=6119"}],"curies":[{"name":"wp","href":"https:\/\/api.w.org\/{rel}","templated":true}]}}